{"id":7584,"date":"2023-04-04T10:46:41","date_gmt":"2023-04-04T10:46:41","guid":{"rendered":"https:\/\/tecnologia.vamtam.com\/?page_id=7584"},"modified":"2024-04-15T00:59:48","modified_gmt":"2024-04-15T00:59:48","slug":"downloads","status":"publish","type":"page","link":"https:\/\/litix2.devworks.it\/?page_id=7584","title":{"rendered":"Downloads"},"content":{"rendered":"\t\t<div data-elementor-type=\"wp-page\" data-elementor-id=\"7584\" class=\"elementor elementor-7584\" data-elementor-post-type=\"page\">\n\t\t\t\t\t\t\t\t\t<section class=\"elementor-section elementor-top-section elementor-element elementor-element-95dca5e elementor-section-stretched elementor-section-boxed elementor-section-height-default elementor-section-height-default\" data-id=\"95dca5e\" data-element_type=\"section\" data-settings=\"{&quot;stretch_section&quot;:&quot;section-stretched&quot;}\">\n\t\t\t\t\t\t<div class=\"elementor-container elementor-column-gap-no\">\n\t\t\t\t\t<div class=\"elementor-column elementor-col-100 elementor-top-column elementor-element elementor-element-34f2955d\" data-id=\"34f2955d\" data-element_type=\"column\">\n\t\t\t<div class=\"elementor-widget-wrap elementor-element-populated\">\n\t\t\t\t\t\t\t\t<div class=\"elementor-element elementor-element-7983b1ff elementor-widget elementor-widget-heading\" data-id=\"7983b1ff\" data-element_type=\"widget\" data-widget_type=\"heading.default\">\n\t\t\t\t<div class=\"elementor-widget-container\">\n\t\t\t<style>\/*! elementor - v3.18.0 - 20-12-2023 *\/\n.elementor-heading-title{padding:0;margin:0;line-height:1}.elementor-widget-heading .elementor-heading-title[class*=elementor-size-]>a{color:inherit;font-size:inherit;line-height:inherit}.elementor-widget-heading .elementor-heading-title.elementor-size-small{font-size:15px}.elementor-widget-heading .elementor-heading-title.elementor-size-medium{font-size:19px}.elementor-widget-heading .elementor-heading-title.elementor-size-large{font-size:29px}.elementor-widget-heading .elementor-heading-title.elementor-size-xl{font-size:39px}.elementor-widget-heading .elementor-heading-title.elementor-size-xxl{font-size:59px}<\/style><h3 class=\"elementor-heading-title elementor-size-default\"><b>20 ANNI DI ESPERIENZA<\/b> \nNELLA LAVORAZIONE DELLA PIETRA \nTRA INNOVAZIONE E TRADIZIONE<\/h3>\t\t<\/div>\n\t\t\t\t<\/div>\n\t\t\t\t<div class=\"elementor-element elementor-element-71529e4 elementor-widget elementor-widget-text-editor\" data-id=\"71529e4\" data-element_type=\"widget\" data-widget_type=\"text-editor.default\">\n\t\t\t\t<div class=\"elementor-widget-container\">\n\t\t\t<style>\/*! elementor - v3.18.0 - 20-12-2023 *\/\n.elementor-widget-text-editor.elementor-drop-cap-view-stacked .elementor-drop-cap{background-color:#69727d;color:#fff}.elementor-widget-text-editor.elementor-drop-cap-view-framed .elementor-drop-cap{color:#69727d;border:3px solid;background-color:transparent}.elementor-widget-text-editor:not(.elementor-drop-cap-view-default) .elementor-drop-cap{margin-top:8px}.elementor-widget-text-editor:not(.elementor-drop-cap-view-default) .elementor-drop-cap-letter{width:1em;height:1em}.elementor-widget-text-editor .elementor-drop-cap{float:left;text-align:center;line-height:1;font-size:50px}.elementor-widget-text-editor .elementor-drop-cap-letter{display:inline-block}<\/style>\t\t\t\t<p>LITIX offre una gamma di soluzioni e servizi che coprono l&#8217;intero spettro della lavorazione dei materiali, dalla creazione di opere e manufatti alla fornitura di tecnologie avanzate.\u00a0<\/p><p>LITIX comprende le due unit\u00e0 ROBOTOR e TORART. La nostra missione \u00e8 fondere tecniche tradizionali con tecnologie avanzate come la robotica e la stampa 3D, stabilendo nuovi standard nel campo dell&#8217;arte e dell&#8217;artigianato.<\/p><p>ROBOTOR e TORART sono aziende \u201csorelle\u201d: ROBOTOR specializzata nella produzione di robot e TORART che utilizza i robot di ROBOTOR per creare sculture, opere d&#8217;arte contemporanea e di design, repliche.<\/p><p>Attualmente, pi\u00f9 di 400 giornali e testate televisive in tutto il mondo stanno scrivendo e parlando di ROBOTOR, tra cui New York Times, Washington Post, CBS, RAI, Corriere della Sera, DOMUS, ecc.<\/p><p>\u00a0<\/p><p><strong>La storia<\/strong><\/p><p>ROBOTOR<sup>\u00a9<\/sup> nasce dall\u2019esperienza nel campo della lavorazione del marmo dei due soci, Giacomo Massari e Filippo Tincolini, che, nel 2004, a Carrara, fondano TORART<sup>\u00a9<\/sup>.<\/p><p>TORART<sup>\u00a9<\/sup> \u00e8 un laboratorio d\u2019arte creato all\u2019interno della Cave di Carrara, capace di unire il rispetto per il lavoro tradizionale alla passione per le pi\u00f9 moderne tecnologie.\u00a0<\/p><p>Jeff Koons, Barry x Ball, Francesco Vezzoli, Vanessa Beecroft, Giuseppe Penone, Zaha Hadid, Maurizio Cattelan, Fondazione Bisazza, Zachary Eastwood-Bloom, Amanda Levete, Venini, Emmanuel Babbled e altri ancora si sono rivolti e si rivolgono a TORART<sup>\u00a9<\/sup>. Insieme a loro, anche importanti musei e grandi aziende hanno utilizzato TORART<sup>\u00a9<\/sup> per la riproduzione di opere d\u2019arte del passato che hanno avuto un eco sui media di tutto il mondo.<\/p><p>ROBOTOR<sup>\u00a9<\/sup> nasce da questa esperienza nell&#8217;uso dei robot per la scultura. Oggi TORART<sup>\u00a9<\/sup> utilizza i robot di ROBOTOR<sup>\u00a9<\/sup> per realizzare le opere di artisti e designer di tutto il mondo.\u00a0<\/p><p>ROBOTOR<sup>\u00a9<\/sup> \u00e8 un&#8217;azienda riconosciuta nel mercato di riferimento perch\u00e9 specializzata nell\u2019integrazione di robot industriali multi-asse per la fresatura della pietra: la soluzione tecnologica pi\u00f9 avanzata per l\u2019automazione del processo produttivo!<\/p><p>Un software sviluppato internamente genera autonomamente il programma che consente al robot antropomorfo di lavorare tutte le pietre, marmo compreso.<\/p><p>\u00a0<\/p><p><strong>Obiettivi<\/strong><\/p><p>Nostro obiettivo \u00e8 mantenere e consolidare il posizionamento di TORART<sup>\u00a9<\/sup>, gi\u00e0 oggi riconosciuta a livello mondiale come un punto di riferimento per la scultura e posizionare ROBOTOR<sup>\u00a9<\/sup> come l&#8217;azienda che produce\u00a0 \u201crobot per la scultura nati dagli scultori\u201d, robot che si inseriscono naturalmente nel flusso operativo dell\u2019 azienda eliminando le fasi di lavoro usurante, diminuendo i tempi di esecuzione, aumentando la produttivit\u00e0 e la qualit\u00e0 senza la necessit\u00e0 di competenze specifiche grazie al software di auto-programmazione OR-OS<sup>\u00a9<\/sup>.<\/p><p>\u00a0<\/p><p><strong>Il progetto ROBOTOR<\/strong><\/p><p>Tutto il progetto ROBOTOR<sup>\u00a9<\/sup> nasce da una precisa filosofia \u201cfiglia\u201d di 18 anni di esperienza nella lavorazione delle pietre.<\/p><p>L\u2019utilizzo degli utensili appropriati combinata con l\u2019ottimizzazione dei percorsi di lavoro permettono un utilizzo della macchina senza interruzioni H24, rispondendo alla necessit\u00e0 di avere un preciso controllo dei tempi di lavorazione e di costo: l\u2019operatore pu\u00f2 dedicarsi ad altre mansioni in attesa del completamento dell\u2019opera.\u00a0<\/p><p>Una filosofia che ha orientato lo sviluppo del sistema nei suoi vari componenti.<\/p><p>Il cuore di ROBOTOR<sup>\u00a9<\/sup> \u00e8 OR-OS<sup>\u00a9<\/sup>, il rivoluzionario software di auto-programmazione per fresatura CNC. Attraverso interfacce intuitive, senza bisogno di competenze specifiche di programmazione, OR-OS<sup>\u00a9<\/sup> consente a tutti di utilizzare il robot anche per realizzare lavori complessi.<\/p><p>OR-OS<sup>\u00a9<\/sup> parte da un file 3D e converte, automaticamente, il modello in percorsi utensili senza l\u2019intervento dell\u2019operatore.<\/p><p>3 semplici step:<\/p><ul><li>1\u00b0 step, allegare il file 3D del modello da realizzare;<\/li><li>2\u00b0step, selezionare il tipo di forma da eseguire;<\/li><li>3\u00b0 step selezionare il tipo di lavorazione in base alla tempistica e alla qualit\u00e0 richiesta.<\/li><\/ul><p>Grazie a sensori sulla macchina la fresatura \u00e8 controllata in tempo reale per una lavorazione H24 effettiva.<\/p><p>Un&#8217;opera si realizza col robot mediamente in un decimo del tempo necessario con tecniche tradizionali (al netto della finitura manuale).<\/p><p>\u00a0<\/p><p><strong>Lavorazioni<\/strong><\/p><p>La fragilit\u00e0 del patrimonio artistico-culturale che ci \u00e8 stato lasciato in eredit\u00e0 trova nella tecnologia la soluzione per rendere fruibili a tutti opere andate distrutte per eventi naturali o causati dall\u2019uomo, opere che non si possono spostare dalla loro sede naturale, opere contese per diatribe sulla legittima propriet\u00e0 o semplicemente impossibili da esporre.<\/p><p>Per queste ragioni siamo da sempre al servizio di progetti di archeologia digitale e recupero del patrimonio artistico.<\/p><p>Nel 2016 la nostra riproduzione in scala di due terzi del monumento siriano chiamato <strong>Arco Monumentale di Palmira<\/strong>, noto anche come Arco di Trionfo, distrutto dall\u2019Isis a fine del 2015, ha fatto il giro del mondo quale simbolo della rinascita dopo la guerra.<\/p><p>Grazie alle immagini dell\u2019arco scattate prima della distruzione, \u00e8 stato possibile creare un modello 3D punto di partenza per realizzare una perfetta replica.<\/p><p>Con la stessa logica la statua greca di <strong>Pers\u00e9fone Gaia<\/strong> di origine tarantina, esposta all&#8217;Altes Museum di Berlino \u00e8 ritornata a casa come replica ed \u00e8 oggi visibile al Museo Archeologico nazionale di Taranto o, ancora, la Musa della Danza, la divina <strong>Tersicore<\/strong>, opera di Canova, \u00e8 stata in mostra come replica al museo di Vetulonia in occasione del bicentenario della morte del grande maestro<\/p><p>Nel 2020 in poco pi\u00f9 di 10 giorni \u00e8 stata scolpita nel marmo una delle opere pi\u00f9 famose di Canova,\u00a0<strong>Amore e Psiche<\/strong>, il gruppo scultoreo che il maestro del neoclassicismo ha impiegato cinque anni a completare, nel 1793. Anche in questo caso, punto di partenza un file 3D, la scansione di un gesso dell&#8217;opera esposta al Louvre di Parigi, che il software di ROBOTOR<sup>\u00a9<\/sup> ha utilizzato per programmare il robot. Risultato: una replica dell\u2019originale partendo da un blocco di marmo bianco di Carrara del peso di 10 tonnellate esposta a Roma nell\u2019ambito della mostra \u201c<a href=\"http:\/\/www.museodiroma.it\/it\/sede\/palazzo_braschi\">Eterna bellezza<\/a>\u201d, insieme ad altre 170 opere provenienti dai musei di tutto il mondo.<\/p><p>Ora ROBOTOR<sup>\u00a9<\/sup> e TORART<sup>\u00a9<\/sup> sono coinvolte nella soluzione di una delle controversie culturali che \u201cinfuria\u201d da oltre un secolo. Si tratta delle sculture e dei bassorilievi del <strong>Partenone<\/strong> e di altri templi greci classici sull&#8217;Acropoli di Atene portati in Inghilterra nei primi anni del 1800. La Grecia ne rivendica la propriet\u00e0, l\u2019Inghilterra risponde che sono stati legittimamente acquistati. In attesa di una soluzione si \u00e8 deciso di iniziare a realizzare delle repliche che sicuramente consentiranno di moltiplicare la possibilit\u00e0 di fruizione di un patrimonio artistico risalente al 447 a.C.<\/p><p>Oltre alla collaborazione con musei di tutto il mondo, \u00e8 il lavoro con artisti di livello internazionale come <strong>Jeff Koons, Barry x Ball, Francesco Vezzoli, Vanessa Beecroft, Giuseppe Penone, Maurizio Cattelan e altri ancora<\/strong> a confermare quotidianamente il livello di qualit\u00e0 e affidabilit\u00e0 del sistema ROBOTOR<sup>\u00a9 <\/sup>capace di realizzare opere prima impossibili soprattutto per le tempistiche necessarie nella moderna societ\u00e0.<\/p><p>Anche gli oggetti di design sono opere artistiche \u201cpiegate\u201d alle funzioni pratiche tipiche di un oggetto d\u2019uso quotidiano. E\u2019 questo l\u2019approccio di TORART e ROBOTOR che \u00a0realizza oggetti scultorei ma perfettamente funzionali per designer e architetti come <strong>Zaha Hadid, Viktor Udzenija, Fondazione Bisazza, Zachary Eastwood-Bloom, Amanda Levete, Venini, Arik Lev, Emmanuel Babbled <\/strong>e tanti altri.<\/p><p>\u00a0<\/p><p><strong>Il robot \u00e8 uno strumento nella cassetta degli attrezzi di uno scultore<\/strong><\/p><p>Il robot si introduce nel tradizionale processo di realizzazione di un&#8217;opera d&#8217;arte sostituendo il lavoro usurante di artigiani specializzati che hanno sempre avuto il compito di prendere il blocco di pietra per far emergere l&#8217;opera pensata dall&#8217;artista. \u00c8 raro vedere l&#8217;artista stesso eseguire tutte le fasi. L&#8217;artista da sempre pensa l&#8217;opera, realizza il bozzetto in creta ed eventualmente l&#8217;opera a grandezza naturale in gesso (famosi i gessi di Canova) poi affida a laboratori specializzati il compito di \u201ctradurla\u201d in marmo o altro materiale. L&#8217;artista eventualmente interviene in fase di finitura direttamente o dando precise indicazioni. Cos\u00ec Michelangelo, cos\u00ec gli artisti contemporanei. Il vantaggio \u00e8 che gli artisti oggi possono permettersi di pensare opere che col metodo tradizionale risulterebbero impossibili per i tempi necessari alla loro realizzazione ma il robot non si sostituir\u00e0 mai all&#8217;artista: non \u00e8 un creativo ma un mero esecutore. Viceversa, come tutte le innovazioni tecnologiche, amplia le possibilit\u00e0 creative degli artisti come hanno dimostrato BarryXBall e Quayola, per citarne alcuni.<\/p><p><strong>La sostenibilit\u00e0<\/strong><\/p><p>La particolare filosofia progettuale del progetto ROBOTOR<sup>\u00a9<\/sup> che non prevede azioni \u201cviolente\u201d sulla materia ma privilegia un approccio \u201cdolce\u201d grazie alla fresatura del materiale con punte diamantate di dimensioni progressivamente sempre pi\u00f9 \u201cfini\u201d, consente l\u2019utilizzo anche di materiali compositi ottenuti riciclando scarti di lavorazione, sposando soluzioni sostenibili e inaugurando una nuova stagione della lavorazione della pietra.<\/p><p>Pi\u00f9 in generale, la possibilit\u00e0 di verificare virtualmente la lavorazione, permette di \u201ctagliare\u201d il blocco da utilizzare eliminando il pi\u00f9 possibile scarti di lavorazione.<\/p>\t\t\t\t\t\t<\/div>\n\t\t\t\t<\/div>\n\t\t\t\t\t<\/div>\n\t\t<\/div>\n\t\t\t\t\t\t\t<\/div>\n\t\t<\/section>\n\t\t\t\t\t\t\t<\/div>\n\t\t","protected":false},"excerpt":{"rendered":"<p>20 ANNI DI ESPERIENZA NELLA LAVORAZIONE DELLA PIETRA TRA INNOVAZIONE E TRADIZIONE LITIX offre una gamma di soluzioni e servizi che coprono l&#8217;intero spettro della lavorazione dei materiali, dalla creazione di opere e manufatti alla fornitura di tecnologie avanzate.\u00a0 LITIX comprende le due unit\u00e0 ROBOTOR e TORART. La nostra missione \u00e8 fondere tecniche tradizionali con&#8230;<\/p>\n","protected":false},"author":1,"featured_media":0,"parent":1312,"menu_order":0,"comment_status":"closed","ping_status":"closed","template":"","meta":{"footnotes":""},"class_list":["post-7584","page","type-page","status-publish","hentry"],"yoast_head":"<!-- This site is optimized with the Yoast SEO plugin v21.9.1 - https:\/\/yoast.com\/wordpress\/plugins\/seo\/ -->\n<title>Downloads - LITIX<\/title>\n<meta name=\"robots\" content=\"index, follow, max-snippet:-1, max-image-preview:large, max-video-preview:-1\" \/>\n<link rel=\"canonical\" href=\"https:\/\/litix2.devworks.it\/?page_id=7584\" \/>\n<meta property=\"og:locale\" content=\"it_IT\" \/>\n<meta property=\"og:type\" content=\"article\" \/>\n<meta property=\"og:title\" content=\"Downloads - LITIX\" \/>\n<meta property=\"og:description\" content=\"20 ANNI DI ESPERIENZA NELLA LAVORAZIONE DELLA PIETRA TRA INNOVAZIONE E TRADIZIONE LITIX offre una gamma di soluzioni e servizi che coprono l&#8217;intero spettro della lavorazione dei materiali, dalla creazione di opere e manufatti alla fornitura di tecnologie avanzate.\u00a0 LITIX comprende le due unit\u00e0 ROBOTOR e TORART. La nostra missione \u00e8 fondere tecniche tradizionali con...\" \/>\n<meta property=\"og:url\" content=\"https:\/\/litix2.devworks.it\/?page_id=7584\" \/>\n<meta property=\"og:site_name\" content=\"LITIX\" \/>\n<meta property=\"article:modified_time\" content=\"2024-04-15T00:59:48+00:00\" \/>\n<meta name=\"twitter:card\" content=\"summary_large_image\" \/>\n<meta name=\"twitter:label1\" content=\"Tempo di lettura stimato\" \/>\n\t<meta name=\"twitter:data1\" content=\"8 minuti\" \/>\n<script type=\"application\/ld+json\" class=\"yoast-schema-graph\">{\"@context\":\"https:\/\/schema.org\",\"@graph\":[{\"@type\":\"WebPage\",\"@id\":\"https:\/\/litix2.devworks.it\/?page_id=7584\",\"url\":\"https:\/\/litix2.devworks.it\/?page_id=7584\",\"name\":\"Downloads - LITIX\",\"isPartOf\":{\"@id\":\"https:\/\/litix2.devworks.it\/#website\"},\"datePublished\":\"2023-04-04T10:46:41+00:00\",\"dateModified\":\"2024-04-15T00:59:48+00:00\",\"breadcrumb\":{\"@id\":\"https:\/\/litix2.devworks.it\/?page_id=7584#breadcrumb\"},\"inLanguage\":\"it-IT\",\"potentialAction\":[{\"@type\":\"ReadAction\",\"target\":[\"https:\/\/litix2.devworks.it\/?page_id=7584\"]}]},{\"@type\":\"BreadcrumbList\",\"@id\":\"https:\/\/litix2.devworks.it\/?page_id=7584#breadcrumb\",\"itemListElement\":[{\"@type\":\"ListItem\",\"position\":1,\"name\":\"Home\",\"item\":\"https:\/\/litix2.devworks.it\/\"},{\"@type\":\"ListItem\",\"position\":2,\"name\":\"MEDIA\",\"item\":\"https:\/\/litix2.devworks.it\/?page_id=1312\"},{\"@type\":\"ListItem\",\"position\":3,\"name\":\"Downloads\"}]},{\"@type\":\"WebSite\",\"@id\":\"https:\/\/litix2.devworks.it\/#website\",\"url\":\"https:\/\/litix2.devworks.it\/\",\"name\":\"LITIX\",\"description\":\"\",\"publisher\":{\"@id\":\"https:\/\/litix2.devworks.it\/#organization\"},\"potentialAction\":[{\"@type\":\"SearchAction\",\"target\":{\"@type\":\"EntryPoint\",\"urlTemplate\":\"https:\/\/litix2.devworks.it\/?s={search_term_string}\"},\"query-input\":\"required name=search_term_string\"}],\"inLanguage\":\"it-IT\"},{\"@type\":\"Organization\",\"@id\":\"https:\/\/litix2.devworks.it\/#organization\",\"name\":\"LITIX\",\"url\":\"https:\/\/litix2.devworks.it\/\",\"logo\":{\"@type\":\"ImageObject\",\"inLanguage\":\"it-IT\",\"@id\":\"https:\/\/litix2.devworks.it\/#\/schema\/logo\/image\/\",\"url\":\"https:\/\/litix2.devworks.it\/wp-content\/uploads\/2024\/04\/cropped-logo-LITIX-20242.png\",\"contentUrl\":\"https:\/\/litix2.devworks.it\/wp-content\/uploads\/2024\/04\/cropped-logo-LITIX-20242.png\",\"width\":3508,\"height\":1145,\"caption\":\"LITIX\"},\"image\":{\"@id\":\"https:\/\/litix2.devworks.it\/#\/schema\/logo\/image\/\"}}]}<\/script>\n<!-- \/ Yoast SEO plugin. -->","yoast_head_json":{"title":"Downloads - LITIX","robots":{"index":"index","follow":"follow","max-snippet":"max-snippet:-1","max-image-preview":"max-image-preview:large","max-video-preview":"max-video-preview:-1"},"canonical":"https:\/\/litix2.devworks.it\/?page_id=7584","og_locale":"it_IT","og_type":"article","og_title":"Downloads - LITIX","og_description":"20 ANNI DI ESPERIENZA NELLA LAVORAZIONE DELLA PIETRA TRA INNOVAZIONE E TRADIZIONE LITIX offre una gamma di soluzioni e servizi che coprono l&#8217;intero spettro della lavorazione dei materiali, dalla creazione di opere e manufatti alla fornitura di tecnologie avanzate.\u00a0 LITIX comprende le due unit\u00e0 ROBOTOR e TORART. La nostra missione \u00e8 fondere tecniche tradizionali con...","og_url":"https:\/\/litix2.devworks.it\/?page_id=7584","og_site_name":"LITIX","article_modified_time":"2024-04-15T00:59:48+00:00","twitter_card":"summary_large_image","twitter_misc":{"Tempo di lettura stimato":"8 minuti"},"schema":{"@context":"https:\/\/schema.org","@graph":[{"@type":"WebPage","@id":"https:\/\/litix2.devworks.it\/?page_id=7584","url":"https:\/\/litix2.devworks.it\/?page_id=7584","name":"Downloads - LITIX","isPartOf":{"@id":"https:\/\/litix2.devworks.it\/#website"},"datePublished":"2023-04-04T10:46:41+00:00","dateModified":"2024-04-15T00:59:48+00:00","breadcrumb":{"@id":"https:\/\/litix2.devworks.it\/?page_id=7584#breadcrumb"},"inLanguage":"it-IT","potentialAction":[{"@type":"ReadAction","target":["https:\/\/litix2.devworks.it\/?page_id=7584"]}]},{"@type":"BreadcrumbList","@id":"https:\/\/litix2.devworks.it\/?page_id=7584#breadcrumb","itemListElement":[{"@type":"ListItem","position":1,"name":"Home","item":"https:\/\/litix2.devworks.it\/"},{"@type":"ListItem","position":2,"name":"MEDIA","item":"https:\/\/litix2.devworks.it\/?page_id=1312"},{"@type":"ListItem","position":3,"name":"Downloads"}]},{"@type":"WebSite","@id":"https:\/\/litix2.devworks.it\/#website","url":"https:\/\/litix2.devworks.it\/","name":"LITIX","description":"","publisher":{"@id":"https:\/\/litix2.devworks.it\/#organization"},"potentialAction":[{"@type":"SearchAction","target":{"@type":"EntryPoint","urlTemplate":"https:\/\/litix2.devworks.it\/?s={search_term_string}"},"query-input":"required name=search_term_string"}],"inLanguage":"it-IT"},{"@type":"Organization","@id":"https:\/\/litix2.devworks.it\/#organization","name":"LITIX","url":"https:\/\/litix2.devworks.it\/","logo":{"@type":"ImageObject","inLanguage":"it-IT","@id":"https:\/\/litix2.devworks.it\/#\/schema\/logo\/image\/","url":"https:\/\/litix2.devworks.it\/wp-content\/uploads\/2024\/04\/cropped-logo-LITIX-20242.png","contentUrl":"https:\/\/litix2.devworks.it\/wp-content\/uploads\/2024\/04\/cropped-logo-LITIX-20242.png","width":3508,"height":1145,"caption":"LITIX"},"image":{"@id":"https:\/\/litix2.devworks.it\/#\/schema\/logo\/image\/"}}]}},"_links":{"self":[{"href":"https:\/\/litix2.devworks.it\/index.php?rest_route=\/wp\/v2\/pages\/7584","targetHints":{"allow":["GET"]}}],"collection":[{"href":"https:\/\/litix2.devworks.it\/index.php?rest_route=\/wp\/v2\/pages"}],"about":[{"href":"https:\/\/litix2.devworks.it\/index.php?rest_route=\/wp\/v2\/types\/page"}],"author":[{"embeddable":true,"href":"https:\/\/litix2.devworks.it\/index.php?rest_route=\/wp\/v2\/users\/1"}],"replies":[{"embeddable":true,"href":"https:\/\/litix2.devworks.it\/index.php?rest_route=%2Fwp%2Fv2%2Fcomments&post=7584"}],"version-history":[{"count":6,"href":"https:\/\/litix2.devworks.it\/index.php?rest_route=\/wp\/v2\/pages\/7584\/revisions"}],"predecessor-version":[{"id":987980,"href":"https:\/\/litix2.devworks.it\/index.php?rest_route=\/wp\/v2\/pages\/7584\/revisions\/987980"}],"up":[{"embeddable":true,"href":"https:\/\/litix2.devworks.it\/index.php?rest_route=\/wp\/v2\/pages\/1312"}],"wp:attachment":[{"href":"https:\/\/litix2.devworks.it\/index.php?rest_route=%2Fwp%2Fv2%2Fmedia&parent=7584"}],"curies":[{"name":"wp","href":"https:\/\/api.w.org\/{rel}","templated":true}]}}